


{"id":12076,"date":"2023-09-14T07:53:56","date_gmt":"2023-09-14T00:53:56","guid":{"rendered":"https:\/\/store.daphaco.com\/product\/den-led-am-tran-downlight-dn-2g-don-sac\/"},"modified":"2023-09-14T07:53:56","modified_gmt":"2023-09-14T07:53:56","slug":"den-led-am-tran-downlight-dn-2g-don-sac","status":"publish","type":"product","link":"https:\/\/store.daphaco.com\/en\/product\/den-led-am-tran-downlight-dn-2g-don-sac\/","title":{"rendered":"\u0110\u00e8n Led \u00e2m tr\u1ea7n downlight DN 2G \u0111\u01a1n s\u1eafc"},"content":{"rendered":"","protected":false},"excerpt":{"rendered":"","protected":false},"featured_media":12056,"comment_status":"open","ping_status":"closed","template":"","meta":[],"product_cat":[15],"product_tag":[],"acf":[],"_links":{"self":[{"href":"https:\/\/store.daphaco.com\/en\/wp-json\/wp\/v2\/product\/12076"}],"collection":[{"href":"https:\/\/store.daphaco.com\/en\/wp-json\/wp\/v2\/product"}],"about":[{"href":"https:\/\/store.daphaco.com\/en\/wp-json\/wp\/v2\/types\/product"}],"replies":[{"embeddable":true,"href":"https:\/\/store.daphaco.com\/en\/wp-json\/wp\/v2\/comments?post=12076"}],"wp:featuredmedia":[{"embeddable":true,"href":"https:\/\/store.daphaco.com\/en\/wp-json\/wp\/v2\/media\/12056"}],"wp:attachment":[{"href":"https:\/\/store.daphaco.com\/en\/wp-json\/wp\/v2\/media?parent=12076"}],"wp:term":[{"taxonomy":"product_cat","embeddable":true,"href":"https:\/\/store.daphaco.com\/en\/wp-json\/wp\/v2\/product_cat?post=12076"},{"taxonomy":"product_tag","embeddable":true,"href":"https:\/\/store.daphaco.com\/en\/wp-json\/wp\/v2\/product_tag?post=12076"}],"curies":[{"name":"wp","href":"https:\/\/api.w.org\/{rel}","templated":true}]}}